{"id":22230,"date":"2023-07-14T21:54:57","date_gmt":"2023-07-14T19:54:57","guid":{"rendered":"https:\/\/www.alysea.lu\/?page_id=22230"},"modified":"2023-07-14T21:54:57","modified_gmt":"2023-07-14T19:54:57","slug":"kontakt","status":"publish","type":"page","link":"https:\/\/www.alysea.lu\/de\/kontakt\/","title":{"rendered":"Kontakt"},"content":{"rendered":"<div id='full_slider_1'  class='avia-fullwidth-slider main_color avia-shadow   avia-builder-el-0  el_before_av_section  avia-builder-el-first   container_wrap sidebar_right'  ><div  class='avia-slideshow av-av_slideshow_full-466bf94e3f8ee361391ff0a496b42791 avia-slideshow-featured av_slideshow_full avia-slide-slider av-slideshow-ui av-control-default av-slideshow-manual av-loop-once av-loop-manual-endless av-default-height-applied   avia-slideshow-1' data-slideshow-options=\"{&quot;animation&quot;:&quot;slide&quot;,&quot;autoplay&quot;:false,&quot;loop_autoplay&quot;:&quot;once&quot;,&quot;interval&quot;:5,&quot;loop_manual&quot;:&quot;manual-endless&quot;,&quot;autoplay_stopper&quot;:false,&quot;noNavigation&quot;:false,&quot;bg_slider&quot;:false,&quot;keep_padding&quot;:false,&quot;hoverpause&quot;:false,&quot;show_slide_delay&quot;:0}\"  itemprop=\"image\" itemscope=\"itemscope\" itemtype=\"https:\/\/schema.org\/ImageObject\" ><ul class='avia-slideshow-inner ' style='padding-bottom: 28.704939919893%;'><li  class='avia-slideshow-slide av-av_slideshow_full-466bf94e3f8ee361391ff0a496b42791__0  av-single-slide slide-1 slide-odd'><div data-rel='slideshow-1' class='avia-slide-wrap '   ><img decoding=\"async\" fetchpriority=\"high\" class=\"wp-image-19671 avia-img-lazy-loading-not-19671\"  src=\"https:\/\/www.alysea.lu\/wp-content\/uploads\/2022\/02\/Les-Jardins-dAlysea-Contact-2.jpg\" width=\"1498\" height=\"430\" title='Les Jardins d&#039;Alysea - Contact 2' alt=''  itemprop=\"thumbnailUrl\" srcset=\"https:\/\/www.alysea.lu\/wp-content\/uploads\/2022\/02\/Les-Jardins-dAlysea-Contact-2.jpg 1498w, https:\/\/www.alysea.lu\/wp-content\/uploads\/2022\/02\/Les-Jardins-dAlysea-Contact-2-300x86.jpg 300w, https:\/\/www.alysea.lu\/wp-content\/uploads\/2022\/02\/Les-Jardins-dAlysea-Contact-2-1030x296.jpg 1030w, https:\/\/www.alysea.lu\/wp-content\/uploads\/2022\/02\/Les-Jardins-dAlysea-Contact-2-768x220.jpg 768w, https:\/\/www.alysea.lu\/wp-content\/uploads\/2022\/02\/Les-Jardins-dAlysea-Contact-2-600x172.jpg 600w, https:\/\/www.alysea.lu\/wp-content\/uploads\/2022\/02\/Les-Jardins-dAlysea-Contact-2-705x202.jpg 705w, https:\/\/www.alysea.lu\/wp-content\/uploads\/2022\/02\/Les-Jardins-dAlysea-Contact-2-450x129.jpg 450w, https:\/\/www.alysea.lu\/wp-content\/uploads\/2022\/02\/Les-Jardins-dAlysea-Contact-2-750x215.jpg 750w, https:\/\/www.alysea.lu\/wp-content\/uploads\/2022\/02\/Les-Jardins-dAlysea-Contact-2-1140x327.jpg 1140w\" sizes=\"(max-width: 1498px) 100vw, 1498px\" \/><\/div><\/li><\/ul><\/div><\/div>\n\n<style type=\"text\/css\" data-created_by=\"avia_inline_auto\" id=\"style-css-av-av_section-0f70a0296050ce0d10f9361c2850f6bb\">\n.avia-section.av-av_section-0f70a0296050ce0d10f9361c2850f6bb .av-extra-border-element .av-extra-border-inner{\nbackground-color:#ffffff;\n}\n<\/style>\n<div id='contact_page_formulaire'  class='avia-section av-av_section-0f70a0296050ce0d10f9361c2850f6bb main_color avia-section-no-padding avia-no-border-styling  avia-builder-el-1  el_after_av_slideshow_full  el_before_av_section  avia-bg-style-scroll av-arrow-down-section container_wrap sidebar_right'  ><div class='container av-section-cont-open' ><div class='template-page content  av-content-small alpha units'><div class='post-entry post-entry-type-page post-entry-22230'><div class='entry-content-wrapper clearfix'>\n\n<style type=\"text\/css\" data-created_by=\"avia_inline_auto\" id=\"style-css-av-av_one_full-949df35f1fa37eeb6c2adbec94248882\">\n#top .flex_column.av-av_one_full-949df35f1fa37eeb6c2adbec94248882{\nmargin-top:0px;\nmargin-bottom:0px;\n}\n.flex_column.av-av_one_full-949df35f1fa37eeb6c2adbec94248882{\nborder-radius:0px 0px 0px 0px;\npadding:30px 30px 30px 30px;\nbackground-color:#ffffff;\n}\n.responsive #top #wrap_all .flex_column.av-av_one_full-949df35f1fa37eeb6c2adbec94248882{\nmargin-top:0px;\nmargin-bottom:0px;\n}\n<\/style>\n<div  class='flex_column av-av_one_full-949df35f1fa37eeb6c2adbec94248882 av_one_full  avia-builder-el-2  el_before_av_one_half  avia-builder-el-first  first flex_column_div  '     ><p>\n<style type=\"text\/css\" data-created_by=\"avia_inline_auto\" id=\"style-css-av-av_heading-87ea17be9282f01834f26c36ec1b1fd9\">\n#top .av-special-heading.av-av_heading-87ea17be9282f01834f26c36ec1b1fd9{\npadding-bottom:20px;\ncolor:#20b0bd;\nfont-size:68px;\n}\nbody .av-special-heading.av-av_heading-87ea17be9282f01834f26c36ec1b1fd9 .av-special-heading-tag .heading-char{\nfont-size:25px;\n}\n#top #wrap_all .av-special-heading.av-av_heading-87ea17be9282f01834f26c36ec1b1fd9 .av-special-heading-tag{\nfont-size:68px;\n}\n.av-special-heading.av-av_heading-87ea17be9282f01834f26c36ec1b1fd9 .special-heading-inner-border{\nborder-color:#20b0bd;\n}\n.av-special-heading.av-av_heading-87ea17be9282f01834f26c36ec1b1fd9 .av-subheading{\nfont-size:36px;\n}\n\n@media only screen and (min-width: 480px) and (max-width: 767px){ \n#top #wrap_all .av-special-heading.av-av_heading-87ea17be9282f01834f26c36ec1b1fd9 .av-special-heading-tag{\nfont-size:0.8em;\n}\n}\n\n@media only screen and (max-width: 479px){ \n#top #wrap_all .av-special-heading.av-av_heading-87ea17be9282f01834f26c36ec1b1fd9 .av-special-heading-tag{\nfont-size:0.8em;\n}\n}\n<\/style>\n<div  class='av-special-heading av-av_heading-87ea17be9282f01834f26c36ec1b1fd9 av-special-heading-h1 custom-color-heading blockquote modern-quote modern-centered  avia-builder-el-3  el_before_av_image  avia-builder-el-first  dancing_font av-inherit-size'><h1 class='av-special-heading-tag '  itemprop=\"headline\"  >Kontakt<\/h1><div class=\"special-heading-border\"><div class=\"special-heading-inner-border\"><\/div><\/div><\/div><br \/>\n\n<style type=\"text\/css\" data-created_by=\"avia_inline_auto\" id=\"style-css-av-av_image-6283f937bd990633f0d2955e4350d6fc\">\n.avia-image-container.av-av_image-6283f937bd990633f0d2955e4350d6fc img.avia_image{\nbox-shadow:none;\n}\n.avia-image-container.av-av_image-6283f937bd990633f0d2955e4350d6fc .av-image-caption-overlay-center{\ncolor:#ffffff;\n}\n<\/style>\n<div  class='avia-image-container av-av_image-6283f937bd990633f0d2955e4350d6fc av-styling- avia-align-center  avia-builder-el-4  el_after_av_heading  el_before_av_textblock  home_small_alysea_flower'   itemprop=\"image\" itemscope=\"itemscope\" itemtype=\"https:\/\/schema.org\/ImageObject\" ><div class=\"avia-image-container-inner\"><div class=\"avia-image-overlay-wrap\"><img decoding=\"async\" fetchpriority=\"high\" class='wp-image-20846 avia-img-lazy-loading-not-20846 avia_image ' src=\"https:\/\/www.alysea.lu\/wp-content\/uploads\/2018\/03\/logo_small.png\" alt='' title='logo_small'  height=\"27\" width=\"27\"  itemprop=\"thumbnailUrl\"  \/><\/div><\/div><\/div><br \/>\n<section  class='av_textblock_section av-av_textblock-2bd894dbf2e4bf2c4acf98ce4fbf94aa '   itemscope=\"itemscope\" itemtype=\"https:\/\/schema.org\/CreativeWork\" ><div class='avia_textblock'  itemprop=\"text\" ><p style=\"text-align: center;\">Wir stehen Ihnen gerne zur Verf\u00fcgung, wenn Sie Informationen \u00fcber unsere Einrichtung ben\u00f6tigen und werden uns so schnell wie m\u00f6glich mit Ihnen in Verbindung setzen.<\/p>\n<p style=\"text-align: center;\">Bitte f\u00fcllen Sie dazu das folgende Formular aus:<\/p>\n<\/div><\/section><\/p><\/div>\n<style type=\"text\/css\" data-created_by=\"avia_inline_auto\" id=\"style-css-av-av_one_half-94c75319f371f2fa352934ca8fe56983\">\n.flex_column.av-av_one_half-94c75319f371f2fa352934ca8fe56983{\nborder-radius:0px 0px 0px 0px;\npadding:0px 50px 50px 50px;\nbackground-color:rgba(255,255,255,0.6);\n}\n<\/style>\n<div  class='flex_column av-av_one_half-94c75319f371f2fa352934ca8fe56983 av_one_half  avia-builder-el-6  el_after_av_one_full  el_before_av_one_half  hidden_768 first av-break-at-tablet flex_column_div av-animated-generic bottom-to-top avia-full-stretch  column-top-margin'     ><style type=\"text\/css\" data-created_by=\"avia_inline_auto\" id=\"style-css-av-av_image-d689f6c2aa2d667335e0d0de7223da7e\">\n.avia-image-container.av-av_image-d689f6c2aa2d667335e0d0de7223da7e img.avia_image{\nbox-shadow:none;\n}\n.avia-image-container.av-av_image-d689f6c2aa2d667335e0d0de7223da7e .av-image-caption-overlay-center{\ncolor:#ffffff;\n}\n<\/style>\n<div  class='avia-image-container av-av_image-d689f6c2aa2d667335e0d0de7223da7e av-styling- avia-align-center  avia-builder-el-7  avia-builder-el-no-sibling '   itemprop=\"image\" itemscope=\"itemscope\" itemtype=\"https:\/\/schema.org\/ImageObject\" ><div class=\"avia-image-container-inner\"><div class=\"avia-image-overlay-wrap\"><img decoding=\"async\" fetchpriority=\"high\" class='wp-image-19858 avia-img-lazy-loading-not-19858 avia_image ' src=\"https:\/\/www.alysea.lu\/wp-content\/uploads\/2022\/02\/Les-Jardins-dAlysea-Contact-3.jpg\" alt='' title='Les Jardins d&#039;Alysea - Contact 3'  height=\"899\" width=\"687\"  itemprop=\"thumbnailUrl\" srcset=\"https:\/\/www.alysea.lu\/wp-content\/uploads\/2022\/02\/Les-Jardins-dAlysea-Contact-3.jpg 687w, https:\/\/www.alysea.lu\/wp-content\/uploads\/2022\/02\/Les-Jardins-dAlysea-Contact-3-229x300.jpg 229w, https:\/\/www.alysea.lu\/wp-content\/uploads\/2022\/02\/Les-Jardins-dAlysea-Contact-3-600x785.jpg 600w, https:\/\/www.alysea.lu\/wp-content\/uploads\/2022\/02\/Les-Jardins-dAlysea-Contact-3-539x705.jpg 539w, https:\/\/www.alysea.lu\/wp-content\/uploads\/2022\/02\/Les-Jardins-dAlysea-Contact-3-450x589.jpg 450w\" sizes=\"(max-width: 687px) 100vw, 687px\" \/><\/div><\/div><\/div><\/div>\n<style type=\"text\/css\" data-created_by=\"avia_inline_auto\" id=\"style-css-av-av_one_half-167e511eea548861bb67a29fa4aa33f8\">\n.flex_column.av-av_one_half-167e511eea548861bb67a29fa4aa33f8{\nborder-radius:0px 0px 0px 0px;\npadding:0px 50px 50px 50px;\nbackground-color:rgba(255,255,255,0.6);\n}\n<\/style>\n<div  class='flex_column av-av_one_half-167e511eea548861bb67a29fa4aa33f8 av_one_half  avia-builder-el-8  el_after_av_one_half  avia-builder-el-last  av-break-at-tablet flex_column_div av-animated-generic bottom-to-top avia-full-stretch  column-top-margin'     ><p><br \/>\n\n<style type=\"text\/css\" data-created_by=\"avia_inline_auto\" id=\"style-css-av-av_hr-41f61c39eb17ab200264d3f039f1f493\">\n#top .hr.hr-invisible.av-av_hr-41f61c39eb17ab200264d3f039f1f493{\nheight:60px;\n}\n<\/style>\n<div  class='hr av-av_hr-41f61c39eb17ab200264d3f039f1f493 hr-invisible  avia-builder-el-10  el_after_av_codeblock  avia-builder-el-last '><span class='hr-inner '><span class=\"hr-inner-style\"><\/span><\/span><\/div><\/p><\/div><\/div><\/div><\/div><!-- close content main div --><\/div><div class='av-extra-border-element border-extra-arrow-down'><div class='av-extra-border-outer'><div class='av-extra-border-inner'><\/div><\/div><\/div><\/div>\n<style type=\"text\/css\" data-created_by=\"avia_inline_auto\" id=\"style-css-av-av_section-653d04a06e659cc0ddc3751200f3b2a8\">\n.avia-section.av-av_section-653d04a06e659cc0ddc3751200f3b2a8 .av-extra-border-element .av-extra-border-inner{\nbackground-color:#ffffff;\n}\n<\/style>\n<div id='documentation_page_newsletter'  class='avia-section av-av_section-653d04a06e659cc0ddc3751200f3b2a8 main_color avia-section-no-padding avia-no-border-styling  avia-builder-el-11  el_after_av_section  el_before_av_google_map  av-desktop-hide av-medium-hide av-small-hide av-mini-hide avia-bg-style-scroll av-arrow-down-section container_wrap sidebar_right'  ><div class='container av-section-cont-open' ><div class='template-page content  av-content-small alpha units'><div class='post-entry post-entry-type-page post-entry-22230'><div class='entry-content-wrapper clearfix'>\n\n<style type=\"text\/css\" data-created_by=\"avia_inline_auto\" id=\"style-css-av-av_one_full-949df35f1fa37eeb6c2adbec94248882\">\n#top .flex_column.av-av_one_full-949df35f1fa37eeb6c2adbec94248882{\nmargin-top:0px;\nmargin-bottom:0px;\n}\n.flex_column.av-av_one_full-949df35f1fa37eeb6c2adbec94248882{\nborder-radius:0px 0px 0px 0px;\npadding:30px 30px 30px 30px;\nbackground-color:#ffffff;\n}\n.responsive #top #wrap_all .flex_column.av-av_one_full-949df35f1fa37eeb6c2adbec94248882{\nmargin-top:0px;\nmargin-bottom:0px;\n}\n<\/style>\n<div  class='flex_column av-av_one_full-949df35f1fa37eeb6c2adbec94248882 av_one_full  avia-builder-el-12  el_before_av_one_fifth  avia-builder-el-first  first flex_column_div  '     ><p>\n<style type=\"text\/css\" data-created_by=\"avia_inline_auto\" id=\"style-css-av-av_heading-1bf31a465899fe6fd679dec2d23c2ecd\">\n#top .av-special-heading.av-av_heading-1bf31a465899fe6fd679dec2d23c2ecd{\npadding-bottom:20px;\ncolor:#20b0bd;\nfont-size:68px;\n}\nbody .av-special-heading.av-av_heading-1bf31a465899fe6fd679dec2d23c2ecd .av-special-heading-tag .heading-char{\nfont-size:25px;\n}\n#top #wrap_all .av-special-heading.av-av_heading-1bf31a465899fe6fd679dec2d23c2ecd .av-special-heading-tag{\nfont-size:68px;\n}\n.av-special-heading.av-av_heading-1bf31a465899fe6fd679dec2d23c2ecd .special-heading-inner-border{\nborder-color:#20b0bd;\n}\n.av-special-heading.av-av_heading-1bf31a465899fe6fd679dec2d23c2ecd .av-subheading{\nfont-size:36px;\n}\n\n@media only screen and (min-width: 480px) and (max-width: 767px){ \n#top #wrap_all .av-special-heading.av-av_heading-1bf31a465899fe6fd679dec2d23c2ecd .av-special-heading-tag{\nfont-size:0.8em;\n}\n}\n\n@media only screen and (max-width: 479px){ \n#top #wrap_all .av-special-heading.av-av_heading-1bf31a465899fe6fd679dec2d23c2ecd .av-special-heading-tag{\nfont-size:0.8em;\n}\n}\n<\/style>\n<div  class='av-special-heading av-av_heading-1bf31a465899fe6fd679dec2d23c2ecd av-special-heading-h1 custom-color-heading blockquote modern-quote modern-centered  avia-builder-el-13  el_before_av_image  avia-builder-el-first  dancing_font av-inherit-size'><h1 class='av-special-heading-tag '  itemprop=\"headline\"  >Inscription \u00e0 notre newsletter<\/h1><div class=\"special-heading-border\"><div class=\"special-heading-inner-border\"><\/div><\/div><\/div><br \/>\n\n<style type=\"text\/css\" data-created_by=\"avia_inline_auto\" id=\"style-css-av-av_image-6283f937bd990633f0d2955e4350d6fc\">\n.avia-image-container.av-av_image-6283f937bd990633f0d2955e4350d6fc img.avia_image{\nbox-shadow:none;\n}\n.avia-image-container.av-av_image-6283f937bd990633f0d2955e4350d6fc .av-image-caption-overlay-center{\ncolor:#ffffff;\n}\n<\/style>\n<div  class='avia-image-container av-av_image-6283f937bd990633f0d2955e4350d6fc av-styling- avia-align-center  avia-builder-el-14  el_after_av_heading  el_before_av_textblock  home_small_alysea_flower'   itemprop=\"image\" itemscope=\"itemscope\" itemtype=\"https:\/\/schema.org\/ImageObject\" ><div class=\"avia-image-container-inner\"><div class=\"avia-image-overlay-wrap\"><img decoding=\"async\" fetchpriority=\"high\" class='wp-image-20846 avia-img-lazy-loading-not-20846 avia_image ' src=\"https:\/\/www.alysea.lu\/wp-content\/uploads\/2018\/03\/logo_small.png\" alt='' title='logo_small'  height=\"27\" width=\"27\"  itemprop=\"thumbnailUrl\"  \/><\/div><\/div><\/div><br \/>\n<section  class='av_textblock_section av-av_textblock-2bd894dbf2e4bf2c4acf98ce4fbf94aa '   itemscope=\"itemscope\" itemtype=\"https:\/\/schema.org\/CreativeWork\" ><div class='avia_textblock'  itemprop=\"text\" ><p style=\"font-weight: 400; text-align: center;\">Inscrivez-vous \u00e0 notre newsletter et recevez nos informations par email.<\/p>\n<\/div><\/section><\/p><\/div>\n<style type=\"text\/css\" data-created_by=\"avia_inline_auto\" id=\"style-css-av-av_one_fifth-15d750bd1b332b34c6e70b077ebbccdf\">\n.flex_column.av-av_one_fifth-15d750bd1b332b34c6e70b077ebbccdf{\nborder-radius:0px 0px 0px 0px;\npadding:0px 0px 0px 0px;\n}\n<\/style>\n<div  class='flex_column av-av_one_fifth-15d750bd1b332b34c6e70b077ebbccdf av_one_fifth  avia-builder-el-16  el_after_av_one_full  el_before_av_three_fifth  first flex_column_div av-zero-column-padding  column-top-margin'     ><\/div>\n<style type=\"text\/css\" data-created_by=\"avia_inline_auto\" id=\"style-css-av-av_three_fifth-c8fc129dc35fd1ae2a1e410224d39ea8\">\n.flex_column.av-av_three_fifth-c8fc129dc35fd1ae2a1e410224d39ea8{\nborder-radius:0px 0px 0px 0px;\npadding:0px 0px 0px 0px;\n}\n<\/style>\n<div  class='flex_column av-av_three_fifth-c8fc129dc35fd1ae2a1e410224d39ea8 av_three_fifth  avia-builder-el-17  el_after_av_one_fifth  el_before_av_one_fifth  flex_column_div av-zero-column-padding  column-top-margin'     ><\/div>\n<style type=\"text\/css\" data-created_by=\"avia_inline_auto\" id=\"style-css-av-av_one_fifth-c8fc129dc35fd1ae2a1e410224d39ea8\">\n.flex_column.av-av_one_fifth-c8fc129dc35fd1ae2a1e410224d39ea8{\nborder-radius:0px 0px 0px 0px;\npadding:0px 0px 0px 0px;\n}\n<\/style>\n<div  class='flex_column av-av_one_fifth-c8fc129dc35fd1ae2a1e410224d39ea8 av_one_fifth  avia-builder-el-19  el_after_av_three_fifth  avia-builder-el-last  flex_column_div av-zero-column-padding  column-top-margin'     ><\/div>\n<\/p>\n\n","protected":false},"excerpt":{"rendered":"","protected":false},"author":6,"featured_media":0,"parent":0,"menu_order":0,"comment_status":"open","ping_status":"closed","template":"","meta":{"_seopress_robots_primary_cat":"","_seopress_titles_title":"","_seopress_titles_desc":"","_seopress_robots_index":"","footnotes":""},"class_list":["post-22230","page","type-page","status-publish","hentry"],"_links":{"self":[{"href":"https:\/\/www.alysea.lu\/de\/wp-json\/wp\/v2\/pages\/22230","targetHints":{"allow":["GET"]}}],"collection":[{"href":"https:\/\/www.alysea.lu\/de\/wp-json\/wp\/v2\/pages"}],"about":[{"href":"https:\/\/www.alysea.lu\/de\/wp-json\/wp\/v2\/types\/page"}],"author":[{"embeddable":true,"href":"https:\/\/www.alysea.lu\/de\/wp-json\/wp\/v2\/users\/6"}],"replies":[{"embeddable":true,"href":"https:\/\/www.alysea.lu\/de\/wp-json\/wp\/v2\/comments?post=22230"}],"version-history":[{"count":2,"href":"https:\/\/www.alysea.lu\/de\/wp-json\/wp\/v2\/pages\/22230\/revisions"}],"predecessor-version":[{"id":22286,"href":"https:\/\/www.alysea.lu\/de\/wp-json\/wp\/v2\/pages\/22230\/revisions\/22286"}],"wp:attachment":[{"href":"https:\/\/www.alysea.lu\/de\/wp-json\/wp\/v2\/media?parent=22230"}],"curies":[{"name":"wp","href":"https:\/\/api.w.org\/{rel}","templated":true}]}}