{"id":23979,"date":"2025-03-14T16:18:55","date_gmt":"2025-03-14T15:18:55","guid":{"rendered":"https:\/\/www.alysea.lu\/?page_id=23979"},"modified":"2025-03-27T11:07:51","modified_gmt":"2025-03-27T10:07:51","slug":"ethik-kommission","status":"publish","type":"page","link":"https:\/\/www.alysea.lu\/de\/philosophie\/ethik-kommission\/","title":{"rendered":"Ethik-Kommission"},"content":{"rendered":"\n<style type=\"text\/css\" data-created_by=\"avia_inline_auto\" id=\"style-css-av-3ep72t-59b75fb48f0c82d224a2d345ac2f6cb6\">\n#top .flex_column.av-3ep72t-59b75fb48f0c82d224a2d345ac2f6cb6{\nmargin-top:0px;\nmargin-bottom:0px;\n}\n.flex_column.av-3ep72t-59b75fb48f0c82d224a2d345ac2f6cb6{\nborder-radius:0px 0px 0px 0px;\npadding:30px 30px 30px 30px;\nbackground-color:#ffffff;\n}\n.responsive #top #wrap_all .flex_column.av-3ep72t-59b75fb48f0c82d224a2d345ac2f6cb6{\nmargin-top:0px;\nmargin-bottom:0px;\n}\n<\/style>\n<div  class='flex_column av-3ep72t-59b75fb48f0c82d224a2d345ac2f6cb6 av_one_full  avia-builder-el-0  el_before_av_one_half  avia-builder-el-first  first flex_column_div  '     ><p>\n<style type=\"text\/css\" data-created_by=\"avia_inline_auto\" id=\"style-css-av-372zxp-80965ec86c4590424eee748d0d87ced7\">\n#top .av-special-heading.av-372zxp-80965ec86c4590424eee748d0d87ced7{\npadding-bottom:20px;\ncolor:#20afbd;\nfont-size:68px;\n}\nbody .av-special-heading.av-372zxp-80965ec86c4590424eee748d0d87ced7 .av-special-heading-tag .heading-char{\nfont-size:25px;\n}\n#top #wrap_all .av-special-heading.av-372zxp-80965ec86c4590424eee748d0d87ced7 .av-special-heading-tag{\nfont-size:68px;\n}\n.av-special-heading.av-372zxp-80965ec86c4590424eee748d0d87ced7 .special-heading-inner-border{\nborder-color:#20afbd;\n}\n.av-special-heading.av-372zxp-80965ec86c4590424eee748d0d87ced7 .av-subheading{\nfont-size:36px;\n}\n\n@media only screen and (min-width: 480px) and (max-width: 767px){ \n#top #wrap_all .av-special-heading.av-372zxp-80965ec86c4590424eee748d0d87ced7 .av-special-heading-tag{\nfont-size:0.8em;\n}\n}\n\n@media only screen and (max-width: 479px){ \n#top #wrap_all .av-special-heading.av-372zxp-80965ec86c4590424eee748d0d87ced7 .av-special-heading-tag{\nfont-size:0.8em;\n}\n}\n<\/style>\n<div  class='av-special-heading av-372zxp-80965ec86c4590424eee748d0d87ced7 av-special-heading-h1 custom-color-heading blockquote modern-quote modern-centered  avia-builder-el-1  el_before_av_image  avia-builder-el-first  dancing_font av-inherit-size'><h1 class='av-special-heading-tag '  itemprop=\"headline\"  >Ethik-Kommission<\/h1><div class=\"special-heading-border\"><div class=\"special-heading-inner-border\"><\/div><\/div><\/div><br \/>\n\n<style type=\"text\/css\" data-created_by=\"avia_inline_auto\" id=\"style-css-av-30oyat-bca2d553da237b81409f79acf5559f41\">\n.avia-image-container.av-30oyat-bca2d553da237b81409f79acf5559f41 img.avia_image{\nbox-shadow:none;\n}\n.avia-image-container.av-30oyat-bca2d553da237b81409f79acf5559f41 .av-image-caption-overlay-center{\ncolor:#ffffff;\n}\n<\/style>\n<div  class='avia-image-container av-30oyat-bca2d553da237b81409f79acf5559f41 av-styling- avia-align-center  avia-builder-el-2  el_after_av_heading  avia-builder-el-last  home_small_alysea_flower'   itemprop=\"image\" itemscope=\"itemscope\" itemtype=\"https:\/\/schema.org\/ImageObject\" ><div class=\"avia-image-container-inner\"><div class=\"avia-image-overlay-wrap\"><img decoding=\"async\" fetchpriority=\"high\" class='wp-image-20846 avia-img-lazy-loading-not-20846 avia_image ' src=\"https:\/\/www.alysea.lu\/wp-content\/uploads\/2018\/03\/logo_small.png\" alt='' title='logo_small'  height=\"27\" width=\"27\"  itemprop=\"thumbnailUrl\"  \/><\/div><\/div><\/div><\/p><\/div>\n<style type=\"text\/css\" data-created_by=\"avia_inline_auto\" id=\"style-css-av-2vk37h-c59cc1d8d4c84ecfb2403f4b80dcab46\">\n.flex_column.av-2vk37h-c59cc1d8d4c84ecfb2403f4b80dcab46{\nborder-radius:0px 0px 0px 0px;\npadding:0px 0px 0px 0px;\n}\n<\/style>\n<div  class='flex_column av-2vk37h-c59cc1d8d4c84ecfb2403f4b80dcab46 av_one_half  avia-builder-el-3  el_after_av_one_full  el_before_av_one_half  first av-break-at-tablet flex_column_div av-animated-generic bottom-to-top av-zero-column-padding  column-top-margin'     ><style type=\"text\/css\" data-created_by=\"avia_inline_auto\" id=\"style-css-av-2sr139-65d1a634ca599eb1c9b89a2fe332b94a\">\n.avia-image-container.av-2sr139-65d1a634ca599eb1c9b89a2fe332b94a img.avia_image{\nbox-shadow:none;\n}\n.avia-image-container.av-2sr139-65d1a634ca599eb1c9b89a2fe332b94a .av-image-caption-overlay-center{\ncolor:#ffffff;\n}\n<\/style>\n<div  class='avia-image-container av-2sr139-65d1a634ca599eb1c9b89a2fe332b94a av-styling- avia-align-center  avia-builder-el-4  avia-builder-el-no-sibling '   itemprop=\"image\" itemscope=\"itemscope\" itemtype=\"https:\/\/schema.org\/ImageObject\" ><div class=\"avia-image-container-inner\"><div class=\"avia-image-overlay-wrap\"><img decoding=\"async\" fetchpriority=\"high\" class='wp-image-19765 avia-img-lazy-loading-not-19765 avia_image ' src=\"https:\/\/www.alysea.lu\/wp-content\/uploads\/2022\/02\/Les-Jardins-dAlysea-Emplois-1.jpg\" alt='' title='Les Jardins d&#039;Alysea - Emplois 1'  height=\"900\" width=\"600\"  itemprop=\"thumbnailUrl\" srcset=\"https:\/\/www.alysea.lu\/wp-content\/uploads\/2022\/02\/Les-Jardins-dAlysea-Emplois-1.jpg 600w, https:\/\/www.alysea.lu\/wp-content\/uploads\/2022\/02\/Les-Jardins-dAlysea-Emplois-1-200x300.jpg 200w, https:\/\/www.alysea.lu\/wp-content\/uploads\/2022\/02\/Les-Jardins-dAlysea-Emplois-1-470x705.jpg 470w, https:\/\/www.alysea.lu\/wp-content\/uploads\/2022\/02\/Les-Jardins-dAlysea-Emplois-1-450x675.jpg 450w\" sizes=\"(max-width: 600px) 100vw, 600px\" \/><\/div><\/div><\/div><\/div><\/p>\n\n<style type=\"text\/css\" data-created_by=\"avia_inline_auto\" id=\"style-css-av-2i9e6l-9a4ee220e0c3689f2ea44898ae10b22f\">\n.flex_column.av-2i9e6l-9a4ee220e0c3689f2ea44898ae10b22f{\nborder-radius:0px 0px 0px 0px;\npadding:0px 0px 0px 0px;\n}\n<\/style>\n<div  class='flex_column av-2i9e6l-9a4ee220e0c3689f2ea44898ae10b22f av_one_half  avia-builder-el-5  el_after_av_one_half  el_before_av_one_full  av-break-at-tablet flex_column_div av-animated-generic bottom-to-top av-zero-column-padding  column-top-margin'     ><section  class='av_textblock_section av-29vdhx-4213bf11aee3ad74b95d4035e0d5f4df '   itemscope=\"itemscope\" itemtype=\"https:\/\/schema.org\/CreativeWork\" ><div class='avia_textblock'  itemprop=\"text\" ><p>Gem\u00e4\u00df dem neuen Gesetz vom 23. August 2023 zur Qualit\u00e4t der Dienstleistungen f\u00fcr \u00e4ltere Menschen hat Les Jardins d\u2019Alysea entschieden, mit Unterst\u00fctzung von Synergie, einen Ethikausschuss einzurichten.<\/p>\n<p>Der Ethikausschuss leistet auf Antrag eines Bewohners, dessen gesetzlichem Vertreter, einer Kontaktperson oder einer Fachkraft Hilfestellung bei der Entscheidungsfindung in ethischen Angelegenheiten und beantwortet Fragen zur Achtung der Grundrechte der Bewohner.<\/p>\n<p><strong><em>Kurzdefinition der Ethik:<\/em><\/strong><\/p>\n<p>Gemeinsame Reflexion, die verschiedene Standpunkte (Bewohner, Angeh\u00f6rige, Fachkr\u00e4fte) einbezieht und durch konkrete Ausnahmesituationen angesto\u00dfen wird, in denen Werte oder Interventionsprinzipien im Widerspruch zueinander stehen. (*)<\/p>\n<p><strong>Haben Sie eine ethische Fragestellung? Bitte z\u00f6gern Sie nicht, uns zu kontaktieren:<\/strong><\/p>\n<ul>\n<li><strong>Das untenstehende Formular kann online eingereicht werden.<\/strong><\/li>\n<\/ul>\n<p><strong>Sie k\u00f6nnen uns auch erreichen<\/strong><\/p>\n<ul>\n<li><strong>per E-Mail:\u00a0<\/strong><a href=\"mailto:comitedethique@alysea.lu\"><strong>comitedethique@alysea.lu<\/strong><\/a><\/li>\n<li>per Formularabgabe: Das an den Ethikausschuss gerichtete Formular erhalten Sie am Empfang. F\u00fcllen Sie dieses aus und legen Sie es im Postverteiler \u201eEthikausschuss\u201c am Empfang ab.<\/li>\n<li>auf direktem Weg durch ein Gespr\u00e4ch mit einer der Vertreterinnen des Ethikausschusses: Frau Harig Lampert Marie, Psychologin; Frau Fernandes Sandrine, stellvertretende Direktorin.<\/li>\n<\/ul>\n<p><strong>Alle Ihre Fragen werden vertraulich behandelt.<\/strong><\/p>\n<p>(*) ANESM Oktober 2010: Ethische Fragen in sozialen und medizinisch-sozialen Einrichtungen (\u00fcbersetzt aus dem Franz\u00f6sischen)<\/p>\n<\/div><\/section><\/div>\n<style type=\"text\/css\" data-created_by=\"avia_inline_auto\" id=\"style-css-av-1wmmze4-f4626cebaa95301769dc84330b311be1\">\n#top .flex_column.av-1wmmze4-f4626cebaa95301769dc84330b311be1{\nmargin-top:0px;\nmargin-bottom:0px;\n}\n.flex_column.av-1wmmze4-f4626cebaa95301769dc84330b311be1{\nborder-radius:0px 0px 0px 0px;\npadding:30px 30px 30px 30px;\nbackground-color:#ffffff;\n}\n.responsive #top #wrap_all .flex_column.av-1wmmze4-f4626cebaa95301769dc84330b311be1{\nmargin-top:0px;\nmargin-bottom:0px;\n}\n<\/style>\n<div  class='flex_column av-1wmmze4-f4626cebaa95301769dc84330b311be1 av_one_full  avia-builder-el-7  el_after_av_one_half  el_before_av_codeblock  first flex_column_div  column-top-margin'     ><p>\n<style type=\"text\/css\" data-created_by=\"avia_inline_auto\" id=\"style-css-av-m88om3lj-56630077c94294161520d61d3cbe538e\">\n#top .av-special-heading.av-m88om3lj-56630077c94294161520d61d3cbe538e{\npadding-bottom:20px;\ncolor:#20afbd;\nfont-size:68px;\n}\nbody .av-special-heading.av-m88om3lj-56630077c94294161520d61d3cbe538e .av-special-heading-tag .heading-char{\nfont-size:25px;\n}\n#top #wrap_all .av-special-heading.av-m88om3lj-56630077c94294161520d61d3cbe538e .av-special-heading-tag{\nfont-size:68px;\n}\n.av-special-heading.av-m88om3lj-56630077c94294161520d61d3cbe538e .special-heading-inner-border{\nborder-color:#20afbd;\n}\n.av-special-heading.av-m88om3lj-56630077c94294161520d61d3cbe538e .av-subheading{\nfont-size:36px;\n}\n\n@media only screen and (min-width: 480px) and (max-width: 767px){ \n#top #wrap_all .av-special-heading.av-m88om3lj-56630077c94294161520d61d3cbe538e .av-special-heading-tag{\nfont-size:0.8em;\n}\n}\n\n@media only screen and (max-width: 479px){ \n#top #wrap_all .av-special-heading.av-m88om3lj-56630077c94294161520d61d3cbe538e .av-special-heading-tag{\nfont-size:0.8em;\n}\n}\n<\/style>\n<div  class='av-special-heading av-m88om3lj-56630077c94294161520d61d3cbe538e av-special-heading-h1 custom-color-heading blockquote modern-quote modern-centered  avia-builder-el-8  el_before_av_image  avia-builder-el-first  dancing_font av-inherit-size'><h1 class='av-special-heading-tag '  itemprop=\"headline\"  >Befassungsformular &#8211; Ethische Fragestellung<\/h1><div class=\"special-heading-border\"><div class=\"special-heading-inner-border\"><\/div><\/div><\/div><br \/>\n\n<style type=\"text\/css\" data-created_by=\"avia_inline_auto\" id=\"style-css-av-1i17y18-b4b82c042e5653f9c8a4e3f6e48b475c\">\n.avia-image-container.av-1i17y18-b4b82c042e5653f9c8a4e3f6e48b475c img.avia_image{\nbox-shadow:none;\n}\n.avia-image-container.av-1i17y18-b4b82c042e5653f9c8a4e3f6e48b475c .av-image-caption-overlay-center{\ncolor:#ffffff;\n}\n<\/style>\n<div  class='avia-image-container av-1i17y18-b4b82c042e5653f9c8a4e3f6e48b475c av-styling- avia-align-center  avia-builder-el-9  el_after_av_heading  avia-builder-el-last  home_small_alysea_flower'   itemprop=\"image\" itemscope=\"itemscope\" itemtype=\"https:\/\/schema.org\/ImageObject\" ><div class=\"avia-image-container-inner\"><div class=\"avia-image-overlay-wrap\"><img decoding=\"async\" fetchpriority=\"high\" class='wp-image-20846 avia-img-lazy-loading-not-20846 avia_image ' src=\"https:\/\/www.alysea.lu\/wp-content\/uploads\/2018\/03\/logo_small.png\" alt='' title='logo_small'  height=\"27\" width=\"27\"  itemprop=\"thumbnailUrl\"  \/><\/div><\/div><\/div><\/p><\/div><\/p>\n","protected":false},"excerpt":{"rendered":"","protected":false},"author":4,"featured_media":0,"parent":20237,"menu_order":0,"comment_status":"closed","ping_status":"closed","template":"","meta":{"_seopress_robots_primary_cat":"","_seopress_titles_title":"Philosophie | Les Jardins d'Alysea | Luxembourg","_seopress_titles_desc":"Nous accueillons toute personne n\u00e9cessitant de s\u00e9curit\u00e9, soutien et aide au quotidien, en perte d\u2019autonomie et\/ou d\u00e9pendante. Pour nous contacter T\u00e9l : +352 27 12 93-1","_seopress_robots_index":"","footnotes":""},"class_list":["post-23979","page","type-page","status-publish","hentry"],"_links":{"self":[{"href":"https:\/\/www.alysea.lu\/de\/wp-json\/wp\/v2\/pages\/23979","targetHints":{"allow":["GET"]}}],"collection":[{"href":"https:\/\/www.alysea.lu\/de\/wp-json\/wp\/v2\/pages"}],"about":[{"href":"https:\/\/www.alysea.lu\/de\/wp-json\/wp\/v2\/types\/page"}],"author":[{"embeddable":true,"href":"https:\/\/www.alysea.lu\/de\/wp-json\/wp\/v2\/users\/4"}],"replies":[{"embeddable":true,"href":"https:\/\/www.alysea.lu\/de\/wp-json\/wp\/v2\/comments?post=23979"}],"version-history":[{"count":5,"href":"https:\/\/www.alysea.lu\/de\/wp-json\/wp\/v2\/pages\/23979\/revisions"}],"predecessor-version":[{"id":23996,"href":"https:\/\/www.alysea.lu\/de\/wp-json\/wp\/v2\/pages\/23979\/revisions\/23996"}],"up":[{"embeddable":true,"href":"https:\/\/www.alysea.lu\/de\/wp-json\/wp\/v2\/pages\/20237"}],"wp:attachment":[{"href":"https:\/\/www.alysea.lu\/de\/wp-json\/wp\/v2\/media?parent=23979"}],"curies":[{"name":"wp","href":"https:\/\/api.w.org\/{rel}","templated":true}]}}