{"id":20478,"date":"2022-02-09T16:01:14","date_gmt":"2022-02-09T15:01:14","guid":{"rendered":"http:\/\/www.alysea.lu\/nos-videos\/"},"modified":"2022-03-16T10:03:25","modified_gmt":"2022-03-16T09:03:25","slug":"eis-videoen","status":"publish","type":"page","link":"https:\/\/www.alysea.lu\/lx\/eis-videoen\/","title":{"rendered":"Eis Videoen"},"content":{"rendered":"<div id='full_slider_1'  class='avia-fullwidth-slider main_color avia-shadow   avia-builder-el-0  el_before_av_section  avia-builder-el-first   container_wrap sidebar_right'  ><div  class='avia-slideshow av-av_slideshow_full-466bf94e3f8ee361391ff0a496b42791 avia-slideshow-featured av_slideshow_full avia-slide-slider av-slideshow-ui av-control-default av-slideshow-manual av-loop-once av-loop-manual-endless av-default-height-applied   avia-slideshow-1' data-slideshow-options=\"{&quot;animation&quot;:&quot;slide&quot;,&quot;autoplay&quot;:false,&quot;loop_autoplay&quot;:&quot;once&quot;,&quot;interval&quot;:5,&quot;loop_manual&quot;:&quot;manual-endless&quot;,&quot;autoplay_stopper&quot;:false,&quot;noNavigation&quot;:false,&quot;bg_slider&quot;:false,&quot;keep_padding&quot;:false,&quot;hoverpause&quot;:false,&quot;show_slide_delay&quot;:0}\"  itemprop=\"image\" itemscope=\"itemscope\" itemtype=\"https:\/\/schema.org\/ImageObject\" ><ul class='avia-slideshow-inner ' style='padding-bottom: 28.704939919893%;'><li  class='avia-slideshow-slide av-av_slideshow_full-466bf94e3f8ee361391ff0a496b42791__0  av-single-slide slide-1 slide-odd'><div data-rel='slideshow-1' class='avia-slide-wrap '   ><img decoding=\"async\" fetchpriority=\"high\" class=\"wp-image-19669 avia-img-lazy-loading-not-19669\"  src=\"https:\/\/www.alysea.lu\/wp-content\/uploads\/2022\/02\/Les-Jardins-dAlysea-Actualite\u0301s-2.jpg\" width=\"1498\" height=\"430\" title='Les Jardins d&#039;Alysea - Actualite\u0301s 2' alt=''  itemprop=\"thumbnailUrl\" srcset=\"https:\/\/www.alysea.lu\/wp-content\/uploads\/2022\/02\/Les-Jardins-dAlysea-Actualite\u0301s-2.jpg 1498w, https:\/\/www.alysea.lu\/wp-content\/uploads\/2022\/02\/Les-Jardins-dAlysea-Actualite\u0301s-2-300x86.jpg 300w, https:\/\/www.alysea.lu\/wp-content\/uploads\/2022\/02\/Les-Jardins-dAlysea-Actualite\u0301s-2-1030x296.jpg 1030w, https:\/\/www.alysea.lu\/wp-content\/uploads\/2022\/02\/Les-Jardins-dAlysea-Actualite\u0301s-2-768x220.jpg 768w, https:\/\/www.alysea.lu\/wp-content\/uploads\/2022\/02\/Les-Jardins-dAlysea-Actualite\u0301s-2-600x172.jpg 600w, https:\/\/www.alysea.lu\/wp-content\/uploads\/2022\/02\/Les-Jardins-dAlysea-Actualite\u0301s-2-705x202.jpg 705w, https:\/\/www.alysea.lu\/wp-content\/uploads\/2022\/02\/Les-Jardins-dAlysea-Actualite\u0301s-2-450x129.jpg 450w, https:\/\/www.alysea.lu\/wp-content\/uploads\/2022\/02\/Les-Jardins-dAlysea-Actualite\u0301s-2-750x215.jpg 750w, https:\/\/www.alysea.lu\/wp-content\/uploads\/2022\/02\/Les-Jardins-dAlysea-Actualite\u0301s-2-1140x327.jpg 1140w\" sizes=\"(max-width: 1498px) 100vw, 1498px\" \/><\/div><\/li><\/ul><\/div><\/div>\n<div id='actualites'  class='avia-section av-av_section-00b9ce40ad7b388afdef8dec087a6fe3 main_color avia-section-default avia-no-shadow  avia-builder-el-1  el_after_av_slideshow_full  avia-builder-el-last  actus_videos_box avia-bg-style-scroll container_wrap sidebar_right'  ><div class='container av-section-cont-open' ><div class='template-page content  av-content-small alpha units'><div class='post-entry post-entry-type-page post-entry-20478'><div class='entry-content-wrapper clearfix'>\n\n<style type=\"text\/css\" data-created_by=\"avia_inline_auto\" id=\"style-css-av-av_heading-12829662ab3eddf199284fe9a9a11919\">\n#top .av-special-heading.av-av_heading-12829662ab3eddf199284fe9a9a11919{\npadding-bottom:20px;\ncolor:#20b0bd;\nfont-size:68px;\n}\nbody .av-special-heading.av-av_heading-12829662ab3eddf199284fe9a9a11919 .av-special-heading-tag .heading-char{\nfont-size:25px;\n}\n#top #wrap_all .av-special-heading.av-av_heading-12829662ab3eddf199284fe9a9a11919 .av-special-heading-tag{\nfont-size:68px;\n}\n.av-special-heading.av-av_heading-12829662ab3eddf199284fe9a9a11919 .special-heading-inner-border{\nborder-color:#20b0bd;\n}\n.av-special-heading.av-av_heading-12829662ab3eddf199284fe9a9a11919 .av-subheading{\nfont-size:15px;\n}\n\n@media only screen and (min-width: 480px) and (max-width: 767px){ \n#top #wrap_all .av-special-heading.av-av_heading-12829662ab3eddf199284fe9a9a11919 .av-special-heading-tag{\nfont-size:0.8em;\n}\n}\n\n@media only screen and (max-width: 479px){ \n#top #wrap_all .av-special-heading.av-av_heading-12829662ab3eddf199284fe9a9a11919 .av-special-heading-tag{\nfont-size:0.8em;\n}\n}\n<\/style>\n<div  class='av-special-heading av-av_heading-12829662ab3eddf199284fe9a9a11919 av-special-heading-h1 custom-color-heading blockquote modern-quote modern-centered  avia-builder-el-2  el_before_av_image  avia-builder-el-first  dancing_font av-inherit-size'><h1 class='av-special-heading-tag '  itemprop=\"headline\"  >Eis Videoen<\/h1><div class=\"special-heading-border\"><div class=\"special-heading-inner-border\"><\/div><\/div><\/div>\n\n<style type=\"text\/css\" data-created_by=\"avia_inline_auto\" id=\"style-css-av-av_image-d9da9e3e2f3fe7919930ee7e0d24aa67\">\n.avia-image-container.av-av_image-d9da9e3e2f3fe7919930ee7e0d24aa67 img.avia_image{\nbox-shadow:none;\n}\n.avia-image-container.av-av_image-d9da9e3e2f3fe7919930ee7e0d24aa67 .av-image-caption-overlay-center{\ncolor:#ffffff;\n}\n<\/style>\n<div  class='avia-image-container av-av_image-d9da9e3e2f3fe7919930ee7e0d24aa67 av-styling- avia-align-center  avia-builder-el-3  el_after_av_heading  el_before_av_blog '   itemprop=\"image\" itemscope=\"itemscope\" itemtype=\"https:\/\/schema.org\/ImageObject\" ><div class=\"avia-image-container-inner\"><div class=\"avia-image-overlay-wrap\"><img decoding=\"async\" fetchpriority=\"high\" class='wp-image-20425 avia-img-lazy-loading-not-20425 avia_image ' src=\"https:\/\/www.alysea.lu\/wp-content\/uploads\/2018\/03\/logo_small.png\" alt='' title='logo_small'  height=\"27\" width=\"27\"  itemprop=\"thumbnailUrl\"  \/><\/div><\/div><\/div>\n<div  data-slideshow-options=\"{&quot;animation&quot;:&quot;fade&quot;,&quot;autoplay&quot;:false,&quot;loop_autoplay&quot;:&quot;once&quot;,&quot;interval&quot;:5,&quot;loop_manual&quot;:&quot;manual-endless&quot;,&quot;autoplay_stopper&quot;:false,&quot;noNavigation&quot;:false,&quot;show_slide_delay&quot;:90}\" class='avia-content-slider avia-content-grid-active avia-content-slider1 avia-content-slider-even  avia-builder-el-4  el_after_av_image  avia-builder-el-last  actu_news_gallery av-slideshow-ui av-control-default   av-no-slider-navigation av-slideshow-manual av-loop-once av-loop-manual-endless '  itemscope=\"itemscope\" itemtype=\"https:\/\/schema.org\/Blog\" ><div class=\"avia-content-slider-inner\"><div class=\"slide-entry-wrap\"><article class='slide-entry flex_column  post-entry post-entry-22628 slide-entry-overview slide-loop-1 slide-parity-odd  av_one_fourth first real-thumbnail posttype-post post-format-standard'  itemscope=\"itemscope\" itemtype=\"https:\/\/schema.org\/CreativeWork\" ><a href='https:\/\/www.alysea.lu\/lx\/les-jardins-dalysea-en-excursion-3\/' data-rel='slide-1' class='slide-image' title='Mat der Croisi\u00e8re laanscht d&#8217;Musel'><img decoding=\"async\" fetchpriority=\"high\" width=\"260\" height=\"185\" src=\"https:\/\/www.alysea.lu\/wp-content\/uploads\/2023\/11\/image0-6-260x185.jpeg\" class=\"wp-image-22631 avia-img-lazy-loading-not-22631 attachment-portfolio_small size-portfolio_small wp-post-image\" alt=\"\" srcset=\"https:\/\/www.alysea.lu\/wp-content\/uploads\/2023\/11\/image0-6-260x185.jpeg 260w, https:\/\/www.alysea.lu\/wp-content\/uploads\/2023\/11\/image0-6-120x86.jpeg 120w, https:\/\/www.alysea.lu\/wp-content\/uploads\/2023\/11\/image0-6-350x250.jpeg 350w, https:\/\/www.alysea.lu\/wp-content\/uploads\/2023\/11\/image0-6-750x536.jpeg 750w\" sizes=\"(max-width: 260px) 100vw, 260px\" \/><\/a><div class=\"slide-content\"><header class=\"entry-content-header\" aria-label=\"Slide: Mat der Croisi\u00e8re laanscht d&#039;Musel\"><h3 class='slide-entry-title entry-title '  itemprop=\"headline\" ><a href='https:\/\/www.alysea.lu\/lx\/les-jardins-dalysea-en-excursion-3\/' title='Mat der Croisi\u00e8re laanscht d&#8217;Musel'>Mat der Croisi\u00e8re laanscht d&#8217;Musel<\/a><\/h3><span class=\"av-vertical-delimiter\"><\/span><\/header><div class=\"slide-meta\"><time class='slide-meta-time updated'  itemprop=\"datePublished\" datetime=\"2023-07-18T13:29:45+02:00\" >18 July 2023<\/time><\/div><div class='slide-entry-excerpt entry-content'  itemprop=\"text\" >&nbsp;\r\n\r\nKlickt op \"Play\" fir de Videoe ze starten:\r\n\r\nhttp\u2026<div class=\"read-more-link\"><a href=\"https:\/\/www.alysea.lu\/lx\/les-jardins-dalysea-en-excursion-3\/\" class=\"more-link\">M\u00e9i<span class=\"more-link-arrow\"><\/span><\/a><\/div><\/div><\/div><footer class=\"entry-footer\"><\/footer><span class='hidden'>\n\t\t\t\t<span class='av-structured-data'  itemprop=\"image\" itemscope=\"itemscope\" itemtype=\"https:\/\/schema.org\/ImageObject\" >\n\t\t\t\t\t\t<span itemprop='url'>https:\/\/www.alysea.lu\/wp-content\/uploads\/2023\/11\/image0-6.jpeg<\/span>\n\t\t\t\t\t\t<span itemprop='height'>1024<\/span>\n\t\t\t\t\t\t<span itemprop='width'>768<\/span>\n\t\t\t\t<\/span>\n\t\t\t\t<span class='av-structured-data'  itemprop=\"publisher\" itemtype=\"https:\/\/schema.org\/Organization\" itemscope=\"itemscope\" >\n\t\t\t\t\t\t<span itemprop='name'>caroline.scassellati<\/span>\n\t\t\t\t\t\t<span itemprop='logo' itemscope itemtype='https:\/\/schema.org\/ImageObject'>\n\t\t\t\t\t\t\t<span itemprop='url'>https:\/\/www.alysea.lu\/wp-content\/uploads\/2019\/03\/jardins-alysea-maison-de-soins-5-etoiles.png<\/span>\n\t\t\t\t\t\t<\/span>\n\t\t\t\t<\/span><span class='av-structured-data'  itemprop=\"author\" itemscope=\"itemscope\" itemtype=\"https:\/\/schema.org\/Person\" ><span itemprop='name'>caroline.scassellati<\/span><\/span><span class='av-structured-data'  itemprop=\"datePublished\" datetime=\"2022-02-09T16:01:14+01:00\" >2023-07-18 13:29:45<\/span><span class='av-structured-data'  itemprop=\"dateModified\" itemtype=\"https:\/\/schema.org\/dateModified\" >2023-11-10 09:26:30<\/span><span class='av-structured-data'  itemprop=\"mainEntityOfPage\" itemtype=\"https:\/\/schema.org\/mainEntityOfPage\" ><span itemprop='name'>Mat der Croisi\u00e8re laanscht d&#8217;Musel<\/span><\/span><\/span><\/article><article class='slide-entry flex_column  post-entry post-entry-22735 slide-entry-overview slide-loop-2 slide-parity-even  av_one_fourth  real-thumbnail posttype-post post-format-standard'  itemscope=\"itemscope\" itemtype=\"https:\/\/schema.org\/CreativeWork\" ><a href='https:\/\/www.alysea.lu\/lx\/fete-de-lete\/' data-rel='slide-1' class='slide-image' title='Summerfest 2023'><img decoding=\"async\" fetchpriority=\"high\" width=\"260\" height=\"185\" src=\"https:\/\/www.alysea.lu\/wp-content\/uploads\/2023\/11\/groupe-1-260x185.jpg\" class=\"wp-image-22740 avia-img-lazy-loading-not-22740 attachment-portfolio_small size-portfolio_small wp-post-image\" alt=\"\" srcset=\"https:\/\/www.alysea.lu\/wp-content\/uploads\/2023\/11\/groupe-1-260x185.jpg 260w, https:\/\/www.alysea.lu\/wp-content\/uploads\/2023\/11\/groupe-1-120x86.jpg 120w, https:\/\/www.alysea.lu\/wp-content\/uploads\/2023\/11\/groupe-1-350x250.jpg 350w, https:\/\/www.alysea.lu\/wp-content\/uploads\/2023\/11\/groupe-1-750x536.jpg 750w, https:\/\/www.alysea.lu\/wp-content\/uploads\/2023\/11\/groupe-1-1140x815.jpg 1140w\" sizes=\"(max-width: 260px) 100vw, 260px\" \/><\/a><div class=\"slide-content\"><header class=\"entry-content-header\" aria-label=\"Slide: Summerfest 2023\"><h3 class='slide-entry-title entry-title '  itemprop=\"headline\" ><a href='https:\/\/www.alysea.lu\/lx\/fete-de-lete\/' title='Summerfest 2023'>Summerfest 2023<\/a><\/h3><span class=\"av-vertical-delimiter\"><\/span><\/header><div class=\"slide-meta\"><time class='slide-meta-time updated'  itemprop=\"datePublished\" datetime=\"2023-07-08T15:20:37+02:00\" >8 July 2023<\/time><\/div><div class='slide-entry-excerpt entry-content'  itemprop=\"text\" >&nbsp;\r\n\r\nKlickt op \"Play\" fir de Videoe ze starten:\r\n\r\nhttp\u2026<div class=\"read-more-link\"><a href=\"https:\/\/www.alysea.lu\/lx\/fete-de-lete\/\" class=\"more-link\">M\u00e9i<span class=\"more-link-arrow\"><\/span><\/a><\/div><\/div><\/div><footer class=\"entry-footer\"><\/footer><span class='hidden'>\n\t\t\t\t<span class='av-structured-data'  itemprop=\"image\" itemscope=\"itemscope\" itemtype=\"https:\/\/schema.org\/ImageObject\" >\n\t\t\t\t\t\t<span itemprop='url'>https:\/\/www.alysea.lu\/wp-content\/uploads\/2023\/11\/groupe-1-scaled.jpg<\/span>\n\t\t\t\t\t\t<span itemprop='height'>1714<\/span>\n\t\t\t\t\t\t<span itemprop='width'>2560<\/span>\n\t\t\t\t<\/span>\n\t\t\t\t<span class='av-structured-data'  itemprop=\"publisher\" itemtype=\"https:\/\/schema.org\/Organization\" itemscope=\"itemscope\" >\n\t\t\t\t\t\t<span itemprop='name'>caroline.scassellati<\/span>\n\t\t\t\t\t\t<span itemprop='logo' itemscope itemtype='https:\/\/schema.org\/ImageObject'>\n\t\t\t\t\t\t\t<span itemprop='url'>https:\/\/www.alysea.lu\/wp-content\/uploads\/2019\/03\/jardins-alysea-maison-de-soins-5-etoiles.png<\/span>\n\t\t\t\t\t\t<\/span>\n\t\t\t\t<\/span><span class='av-structured-data'  itemprop=\"author\" itemscope=\"itemscope\" itemtype=\"https:\/\/schema.org\/Person\" ><span itemprop='name'>caroline.scassellati<\/span><\/span><span class='av-structured-data'  itemprop=\"datePublished\" datetime=\"2022-02-09T16:01:14+01:00\" >2023-07-08 15:20:37<\/span><span class='av-structured-data'  itemprop=\"dateModified\" itemtype=\"https:\/\/schema.org\/dateModified\" >2023-11-10 15:23:55<\/span><span class='av-structured-data'  itemprop=\"mainEntityOfPage\" itemtype=\"https:\/\/schema.org\/mainEntityOfPage\" ><span itemprop='name'>Summerfest 2023<\/span><\/span><\/span><\/article><article class='slide-entry flex_column  post-entry post-entry-22619 slide-entry-overview slide-loop-3 slide-parity-odd  av_one_fourth  real-thumbnail posttype-post post-format-standard'  itemscope=\"itemscope\" itemtype=\"https:\/\/schema.org\/CreativeWork\" ><a href='https:\/\/www.alysea.lu\/lx\/les-jardins-dalysea-en-excursion\/' data-rel='slide-1' class='slide-image' title='Eng speziell Bus Tour'><img decoding=\"async\" fetchpriority=\"high\" width=\"260\" height=\"185\" src=\"https:\/\/www.alysea.lu\/wp-content\/uploads\/2021\/07\/IMG_7640-1-260x185.jpg\" class=\"wp-image-22597 avia-img-lazy-loading-not-22597 attachment-portfolio_small size-portfolio_small wp-post-image\" alt=\"\" srcset=\"https:\/\/www.alysea.lu\/wp-content\/uploads\/2021\/07\/IMG_7640-1-260x185.jpg 260w, https:\/\/www.alysea.lu\/wp-content\/uploads\/2021\/07\/IMG_7640-1-120x86.jpg 120w, https:\/\/www.alysea.lu\/wp-content\/uploads\/2021\/07\/IMG_7640-1-350x250.jpg 350w, https:\/\/www.alysea.lu\/wp-content\/uploads\/2021\/07\/IMG_7640-1-750x536.jpg 750w\" sizes=\"(max-width: 260px) 100vw, 260px\" \/><\/a><div class=\"slide-content\"><header class=\"entry-content-header\" aria-label=\"Slide: Eng speziell Bus Tour\"><h3 class='slide-entry-title entry-title '  itemprop=\"headline\" ><a href='https:\/\/www.alysea.lu\/lx\/les-jardins-dalysea-en-excursion\/' title='Eng speziell Bus Tour'>Eng speziell Bus Tour<\/a><\/h3><span class=\"av-vertical-delimiter\"><\/span><\/header><div class=\"slide-meta\"><time class='slide-meta-time updated'  itemprop=\"datePublished\" datetime=\"2023-07-04T13:26:15+02:00\" >4 July 2023<\/time><\/div><div class='slide-entry-excerpt entry-content'  itemprop=\"text\" >Am 4. Juli 2023 haben wir die Sommerfeierlichkeiten mit einem\u2026<div class=\"read-more-link\"><a href=\"https:\/\/www.alysea.lu\/lx\/les-jardins-dalysea-en-excursion\/\" class=\"more-link\">M\u00e9i<span class=\"more-link-arrow\"><\/span><\/a><\/div><\/div><\/div><footer class=\"entry-footer\"><\/footer><span class='hidden'>\n\t\t\t\t<span class='av-structured-data'  itemprop=\"image\" itemscope=\"itemscope\" itemtype=\"https:\/\/schema.org\/ImageObject\" >\n\t\t\t\t\t\t<span itemprop='url'>https:\/\/www.alysea.lu\/wp-content\/uploads\/2021\/07\/IMG_7640-1.jpg<\/span>\n\t\t\t\t\t\t<span itemprop='height'>638<\/span>\n\t\t\t\t\t\t<span itemprop='width'>850<\/span>\n\t\t\t\t<\/span>\n\t\t\t\t<span class='av-structured-data'  itemprop=\"publisher\" itemtype=\"https:\/\/schema.org\/Organization\" itemscope=\"itemscope\" >\n\t\t\t\t\t\t<span itemprop='name'>caroline.scassellati<\/span>\n\t\t\t\t\t\t<span itemprop='logo' itemscope itemtype='https:\/\/schema.org\/ImageObject'>\n\t\t\t\t\t\t\t<span itemprop='url'>https:\/\/www.alysea.lu\/wp-content\/uploads\/2019\/03\/jardins-alysea-maison-de-soins-5-etoiles.png<\/span>\n\t\t\t\t\t\t<\/span>\n\t\t\t\t<\/span><span class='av-structured-data'  itemprop=\"author\" itemscope=\"itemscope\" itemtype=\"https:\/\/schema.org\/Person\" ><span itemprop='name'>caroline.scassellati<\/span><\/span><span class='av-structured-data'  itemprop=\"datePublished\" datetime=\"2022-02-09T16:01:14+01:00\" >2023-07-04 13:26:15<\/span><span class='av-structured-data'  itemprop=\"dateModified\" itemtype=\"https:\/\/schema.org\/dateModified\" >2023-11-10 09:28:49<\/span><span class='av-structured-data'  itemprop=\"mainEntityOfPage\" itemtype=\"https:\/\/schema.org\/mainEntityOfPage\" ><span itemprop='name'>Eng speziell Bus Tour<\/span><\/span><\/span><\/article><article class='slide-entry flex_column  post-entry post-entry-20371 slide-entry-overview slide-loop-4 slide-parity-even  av_one_fourth  real-thumbnail posttype-post post-format-standard'  itemscope=\"itemscope\" itemtype=\"https:\/\/schema.org\/CreativeWork\" ><a href='https:\/\/www.alysea.lu\/lx\/le-confinement-au-sein-de-lunite-de-soin-protegee\/' data-rel='slide-1' class='slide-image' title='Le confinement au sein de l&#8217;unit\u00e9 de soin prot\u00e9g\u00e9e'><img decoding=\"async\" fetchpriority=\"high\" width=\"260\" height=\"185\" src=\"https:\/\/www.alysea.lu\/wp-content\/uploads\/2020\/07\/confienement-jardin-alysea-260x185.jpg\" class=\"wp-image-18396 avia-img-lazy-loading-not-18396 attachment-portfolio_small size-portfolio_small wp-post-image\" alt=\"\" srcset=\"https:\/\/www.alysea.lu\/wp-content\/uploads\/2020\/07\/confienement-jardin-alysea-260x185.jpg 260w, https:\/\/www.alysea.lu\/wp-content\/uploads\/2020\/07\/confienement-jardin-alysea-609x430.jpg 609w\" sizes=\"(max-width: 260px) 100vw, 260px\" \/><\/a><div class=\"slide-content\"><header class=\"entry-content-header\" aria-label=\"Slide: Le confinement au sein de l&#039;unit\u00e9 de soin prot\u00e9g\u00e9e\"><h3 class='slide-entry-title entry-title '  itemprop=\"headline\" ><a href='https:\/\/www.alysea.lu\/lx\/le-confinement-au-sein-de-lunite-de-soin-protegee\/' title='Le confinement au sein de l&#8217;unit\u00e9 de soin prot\u00e9g\u00e9e'>Le confinement au sein de l&#8217;unit\u00e9 de soin prot\u00e9g\u00e9e<\/a><\/h3><span class=\"av-vertical-delimiter\"><\/span><\/header><div class=\"slide-meta\"><time class='slide-meta-time updated'  itemprop=\"datePublished\" datetime=\"2020-07-01T16:50:48+02:00\" >1 July 2020<\/time><\/div><div class='slide-entry-excerpt entry-content'  itemprop=\"text\" ><div class=\"read-more-link\"><a href=\"https:\/\/www.alysea.lu\/lx\/le-confinement-au-sein-de-lunite-de-soin-protegee\/\" class=\"more-link\">M\u00e9i<span class=\"more-link-arrow\"><\/span><\/a><\/div><\/div><\/div><footer class=\"entry-footer\"><\/footer><span class='hidden'>\n\t\t\t\t<span class='av-structured-data'  itemprop=\"image\" itemscope=\"itemscope\" itemtype=\"https:\/\/schema.org\/ImageObject\" >\n\t\t\t\t\t\t<span itemprop='url'>https:\/\/www.alysea.lu\/wp-content\/uploads\/2020\/07\/confienement-jardin-alysea.jpg<\/span>\n\t\t\t\t\t\t<span itemprop='height'>705<\/span>\n\t\t\t\t\t\t<span itemprop='width'>609<\/span>\n\t\t\t\t<\/span>\n\t\t\t\t<span class='av-structured-data'  itemprop=\"publisher\" itemtype=\"https:\/\/schema.org\/Organization\" itemscope=\"itemscope\" >\n\t\t\t\t\t\t<span itemprop='name'>arco<\/span>\n\t\t\t\t\t\t<span itemprop='logo' itemscope itemtype='https:\/\/schema.org\/ImageObject'>\n\t\t\t\t\t\t\t<span itemprop='url'>https:\/\/www.alysea.lu\/wp-content\/uploads\/2019\/03\/jardins-alysea-maison-de-soins-5-etoiles.png<\/span>\n\t\t\t\t\t\t<\/span>\n\t\t\t\t<\/span><span class='av-structured-data'  itemprop=\"author\" itemscope=\"itemscope\" itemtype=\"https:\/\/schema.org\/Person\" ><span itemprop='name'>arco<\/span><\/span><span class='av-structured-data'  itemprop=\"datePublished\" datetime=\"2022-02-09T16:01:14+01:00\" >2020-07-01 16:50:48<\/span><span class='av-structured-data'  itemprop=\"dateModified\" itemtype=\"https:\/\/schema.org\/dateModified\" >2020-07-01 16:50:48<\/span><span class='av-structured-data'  itemprop=\"mainEntityOfPage\" itemtype=\"https:\/\/schema.org\/mainEntityOfPage\" ><span itemprop='name'>Le confinement au sein de l&#8217;unit\u00e9 de soin prot\u00e9g\u00e9e<\/span><\/span><\/span><\/article><\/div><div class=\"slide-entry-wrap\"><article class='slide-entry flex_column  post-entry post-entry-20368 slide-entry-overview slide-loop-5 slide-parity-odd  post-entry-last  av_one_fourth first real-thumbnail posttype-post post-format-standard'  itemscope=\"itemscope\" itemtype=\"https:\/\/schema.org\/CreativeWork\" ><a href='https:\/\/www.alysea.lu\/lx\/le-marche-de-noel-de-la-residence\/' data-rel='slide-1' class='slide-image' title='Le march\u00e9 de No\u00ebl de la r\u00e9sidence'><img decoding=\"async\" fetchpriority=\"high\" width=\"260\" height=\"185\" src=\"https:\/\/www.alysea.lu\/wp-content\/uploads\/2020\/01\/marhce-de-noel-jardin-alysea-2019-260x185.jpg\" class=\"wp-image-18370 avia-img-lazy-loading-not-18370 attachment-portfolio_small size-portfolio_small wp-post-image\" alt=\"march\u00e9 de noel jardin alysea 2019\" \/><\/a><div class=\"slide-content\"><header class=\"entry-content-header\" aria-label=\"Slide: Le march\u00e9 de No\u00ebl de la r\u00e9sidence\"><h3 class='slide-entry-title entry-title '  itemprop=\"headline\" ><a href='https:\/\/www.alysea.lu\/lx\/le-marche-de-noel-de-la-residence\/' title='Le march\u00e9 de No\u00ebl de la r\u00e9sidence'>Le march\u00e9 de No\u00ebl de la r\u00e9sidence<\/a><\/h3><span class=\"av-vertical-delimiter\"><\/span><\/header><div class=\"slide-meta\"><time class='slide-meta-time updated'  itemprop=\"datePublished\" datetime=\"2020-01-05T15:32:35+01:00\" >5 January 2020<\/time><\/div><div class='slide-entry-excerpt entry-content'  itemprop=\"text\" ><div class=\"read-more-link\"><a href=\"https:\/\/www.alysea.lu\/lx\/le-marche-de-noel-de-la-residence\/\" class=\"more-link\">M\u00e9i<span class=\"more-link-arrow\"><\/span><\/a><\/div><\/div><\/div><footer class=\"entry-footer\"><\/footer><span class='hidden'>\n\t\t\t\t<span class='av-structured-data'  itemprop=\"image\" itemscope=\"itemscope\" itemtype=\"https:\/\/schema.org\/ImageObject\" >\n\t\t\t\t\t\t<span itemprop='url'>https:\/\/www.alysea.lu\/wp-content\/uploads\/2020\/01\/marhce-de-noel-jardin-alysea-2019.jpg<\/span>\n\t\t\t\t\t\t<span itemprop='height'>675<\/span>\n\t\t\t\t\t\t<span itemprop='width'>1297<\/span>\n\t\t\t\t<\/span>\n\t\t\t\t<span class='av-structured-data'  itemprop=\"publisher\" itemtype=\"https:\/\/schema.org\/Organization\" itemscope=\"itemscope\" >\n\t\t\t\t\t\t<span itemprop='name'>arco<\/span>\n\t\t\t\t\t\t<span itemprop='logo' itemscope itemtype='https:\/\/schema.org\/ImageObject'>\n\t\t\t\t\t\t\t<span itemprop='url'>https:\/\/www.alysea.lu\/wp-content\/uploads\/2019\/03\/jardins-alysea-maison-de-soins-5-etoiles.png<\/span>\n\t\t\t\t\t\t<\/span>\n\t\t\t\t<\/span><span class='av-structured-data'  itemprop=\"author\" itemscope=\"itemscope\" itemtype=\"https:\/\/schema.org\/Person\" ><span itemprop='name'>arco<\/span><\/span><span class='av-structured-data'  itemprop=\"datePublished\" datetime=\"2022-02-09T16:01:14+01:00\" >2020-01-05 15:32:35<\/span><span class='av-structured-data'  itemprop=\"dateModified\" itemtype=\"https:\/\/schema.org\/dateModified\" >2020-01-05 15:32:35<\/span><span class='av-structured-data'  itemprop=\"mainEntityOfPage\" itemtype=\"https:\/\/schema.org\/mainEntityOfPage\" ><span itemprop='name'>Le march\u00e9 de No\u00ebl de la r\u00e9sidence<\/span><\/span><\/span><\/article><\/div><\/div><\/div>\n<\/div><\/div><\/div><!-- close content main div --><\/div><\/div><div id='after_section_1'  class='main_color av_default_container_wrap container_wrap sidebar_right'  ><div class='container av-section-cont-open' ><div class='template-page content  av-content-small alpha units'><div class='post-entry post-entry-type-page post-entry-20478'><div class='entry-content-wrapper clearfix'>\n","protected":false},"excerpt":{"rendered":"","protected":false},"author":8,"featured_media":0,"parent":0,"menu_order":0,"comment_status":"open","ping_status":"closed","template":"","meta":{"_seopress_robots_primary_cat":"","_seopress_titles_title":"Nos vid\u00e9os | Actualit\u00e9s | Les Jardins D&#039;Alys\u00e9a | Luxembourg | Groupe Emera","_seopress_titles_desc":"Retrouvez toutes l&#039;actualit\u00e9s de la r\u00e9sidence les Jardins d&#039;Alys\u00e9a situ\u00e9 \u00e0 Crauthem | Luxembourg. Pour nous contacter T\u00e9l : +352 27 12 93-1","_seopress_robots_index":"","footnotes":""},"class_list":["post-20478","page","type-page","status-publish","hentry"],"_links":{"self":[{"href":"https:\/\/www.alysea.lu\/lx\/wp-json\/wp\/v2\/pages\/20478","targetHints":{"allow":["GET"]}}],"collection":[{"href":"https:\/\/www.alysea.lu\/lx\/wp-json\/wp\/v2\/pages"}],"about":[{"href":"https:\/\/www.alysea.lu\/lx\/wp-json\/wp\/v2\/types\/page"}],"author":[{"embeddable":true,"href":"https:\/\/www.alysea.lu\/lx\/wp-json\/wp\/v2\/users\/8"}],"replies":[{"embeddable":true,"href":"https:\/\/www.alysea.lu\/lx\/wp-json\/wp\/v2\/comments?post=20478"}],"version-history":[{"count":2,"href":"https:\/\/www.alysea.lu\/lx\/wp-json\/wp\/v2\/pages\/20478\/revisions"}],"predecessor-version":[{"id":20479,"href":"https:\/\/www.alysea.lu\/lx\/wp-json\/wp\/v2\/pages\/20478\/revisions\/20479"}],"wp:attachment":[{"href":"https:\/\/www.alysea.lu\/lx\/wp-json\/wp\/v2\/media?parent=20478"}],"curies":[{"name":"wp","href":"https:\/\/api.w.org\/{rel}","templated":true}]}}