{"id":23986,"date":"2025-03-27T11:05:20","date_gmt":"2025-03-27T10:05:20","guid":{"rendered":"https:\/\/www.alysea.lu\/?page_id=23986"},"modified":"2025-03-27T11:05:20","modified_gmt":"2025-03-27T10:05:20","slug":"ethikkomitee","status":"publish","type":"page","link":"https:\/\/www.alysea.lu\/lx\/philosophie\/ethikkomitee\/","title":{"rendered":"Ethikkomitee"},"content":{"rendered":"\n<style type=\"text\/css\" data-created_by=\"avia_inline_auto\" id=\"style-css-av-3ep72t-59b75fb48f0c82d224a2d345ac2f6cb6\">\n#top .flex_column.av-3ep72t-59b75fb48f0c82d224a2d345ac2f6cb6{\nmargin-top:0px;\nmargin-bottom:0px;\n}\n.flex_column.av-3ep72t-59b75fb48f0c82d224a2d345ac2f6cb6{\nborder-radius:0px 0px 0px 0px;\npadding:30px 30px 30px 30px;\nbackground-color:#ffffff;\n}\n.responsive #top #wrap_all .flex_column.av-3ep72t-59b75fb48f0c82d224a2d345ac2f6cb6{\nmargin-top:0px;\nmargin-bottom:0px;\n}\n<\/style>\n<div  class='flex_column av-3ep72t-59b75fb48f0c82d224a2d345ac2f6cb6 av_one_full  avia-builder-el-0  el_before_av_one_half  avia-builder-el-first  first flex_column_div  '     ><p>\n<style type=\"text\/css\" data-created_by=\"avia_inline_auto\" id=\"style-css-av-372zxp-af7d650ee3797e61d7f12f7bd551ba1d\">\n#top .av-special-heading.av-372zxp-af7d650ee3797e61d7f12f7bd551ba1d{\npadding-bottom:20px;\ncolor:#20afbd;\nfont-size:68px;\n}\nbody .av-special-heading.av-372zxp-af7d650ee3797e61d7f12f7bd551ba1d .av-special-heading-tag .heading-char{\nfont-size:25px;\n}\n#top #wrap_all .av-special-heading.av-372zxp-af7d650ee3797e61d7f12f7bd551ba1d .av-special-heading-tag{\nfont-size:68px;\n}\n.av-special-heading.av-372zxp-af7d650ee3797e61d7f12f7bd551ba1d .special-heading-inner-border{\nborder-color:#20afbd;\n}\n.av-special-heading.av-372zxp-af7d650ee3797e61d7f12f7bd551ba1d .av-subheading{\nfont-size:36px;\n}\n\n@media only screen and (min-width: 480px) and (max-width: 767px){ \n#top #wrap_all .av-special-heading.av-372zxp-af7d650ee3797e61d7f12f7bd551ba1d .av-special-heading-tag{\nfont-size:0.8em;\n}\n}\n\n@media only screen and (max-width: 479px){ \n#top #wrap_all .av-special-heading.av-372zxp-af7d650ee3797e61d7f12f7bd551ba1d .av-special-heading-tag{\nfont-size:0.8em;\n}\n}\n<\/style>\n<div  class='av-special-heading av-372zxp-af7d650ee3797e61d7f12f7bd551ba1d av-special-heading-h1 custom-color-heading blockquote modern-quote modern-centered  avia-builder-el-1  el_before_av_image  avia-builder-el-first  dancing_font av-inherit-size'><h1 class='av-special-heading-tag '  itemprop=\"headline\"  >Ethikkomitee<\/h1><div class=\"special-heading-border\"><div class=\"special-heading-inner-border\"><\/div><\/div><\/div><br \/>\n\n<style type=\"text\/css\" data-created_by=\"avia_inline_auto\" id=\"style-css-av-30oyat-4931ca2a328f246e93df6ba91859999d\">\n.avia-image-container.av-30oyat-4931ca2a328f246e93df6ba91859999d img.avia_image{\nbox-shadow:none;\n}\n.avia-image-container.av-30oyat-4931ca2a328f246e93df6ba91859999d .av-image-caption-overlay-center{\ncolor:#ffffff;\n}\n<\/style>\n<div  class='avia-image-container av-30oyat-4931ca2a328f246e93df6ba91859999d av-styling- avia-align-center  avia-builder-el-2  el_after_av_heading  avia-builder-el-last  home_small_alysea_flower'   itemprop=\"image\" itemscope=\"itemscope\" itemtype=\"https:\/\/schema.org\/ImageObject\" ><div class=\"avia-image-container-inner\"><div class=\"avia-image-overlay-wrap\"><img decoding=\"async\" fetchpriority=\"high\" class='wp-image-20425 avia-img-lazy-loading-not-20425 avia_image ' src=\"https:\/\/www.alysea.lu\/wp-content\/uploads\/2018\/03\/logo_small.png\" alt='' title='logo_small'  height=\"27\" width=\"27\"  itemprop=\"thumbnailUrl\"  \/><\/div><\/div><\/div><\/p><\/div>\n<style type=\"text\/css\" data-created_by=\"avia_inline_auto\" id=\"style-css-av-2vk37h-c59cc1d8d4c84ecfb2403f4b80dcab46\">\n.flex_column.av-2vk37h-c59cc1d8d4c84ecfb2403f4b80dcab46{\nborder-radius:0px 0px 0px 0px;\npadding:0px 0px 0px 0px;\n}\n<\/style>\n<div  class='flex_column av-2vk37h-c59cc1d8d4c84ecfb2403f4b80dcab46 av_one_half  avia-builder-el-3  el_after_av_one_full  el_before_av_one_half  first av-break-at-tablet flex_column_div av-animated-generic bottom-to-top av-zero-column-padding  column-top-margin'     ><style type=\"text\/css\" data-created_by=\"avia_inline_auto\" id=\"style-css-av-2sr139-261d3695d74a9da4dc399f5b897e3c25\">\n.avia-image-container.av-2sr139-261d3695d74a9da4dc399f5b897e3c25 img.avia_image{\nbox-shadow:none;\n}\n.avia-image-container.av-2sr139-261d3695d74a9da4dc399f5b897e3c25 .av-image-caption-overlay-center{\ncolor:#ffffff;\n}\n<\/style>\n<div  class='avia-image-container av-2sr139-261d3695d74a9da4dc399f5b897e3c25 av-styling- avia-align-center  avia-builder-el-4  avia-builder-el-no-sibling '   itemprop=\"image\" itemscope=\"itemscope\" itemtype=\"https:\/\/schema.org\/ImageObject\" ><div class=\"avia-image-container-inner\"><div class=\"avia-image-overlay-wrap\"><img decoding=\"async\" fetchpriority=\"high\" class='wp-image-19766 avia-img-lazy-loading-not-19766 avia_image ' src=\"https:\/\/www.alysea.lu\/wp-content\/uploads\/2022\/02\/Les-Jardins-dAlysea-Emplois-1.jpg\" alt='' title='Les Jardins d&#039;Alysea - Emplois 1'  height=\"900\" width=\"600\"  itemprop=\"thumbnailUrl\" srcset=\"https:\/\/www.alysea.lu\/wp-content\/uploads\/2022\/02\/Les-Jardins-dAlysea-Emplois-1.jpg 600w, https:\/\/www.alysea.lu\/wp-content\/uploads\/2022\/02\/Les-Jardins-dAlysea-Emplois-1-200x300.jpg 200w, https:\/\/www.alysea.lu\/wp-content\/uploads\/2022\/02\/Les-Jardins-dAlysea-Emplois-1-470x705.jpg 470w, https:\/\/www.alysea.lu\/wp-content\/uploads\/2022\/02\/Les-Jardins-dAlysea-Emplois-1-450x675.jpg 450w\" sizes=\"(max-width: 600px) 100vw, 600px\" \/><\/div><\/div><\/div><\/div><\/p>\n\n<style type=\"text\/css\" data-created_by=\"avia_inline_auto\" id=\"style-css-av-2i9e6l-9a4ee220e0c3689f2ea44898ae10b22f\">\n.flex_column.av-2i9e6l-9a4ee220e0c3689f2ea44898ae10b22f{\nborder-radius:0px 0px 0px 0px;\npadding:0px 0px 0px 0px;\n}\n<\/style>\n<div  class='flex_column av-2i9e6l-9a4ee220e0c3689f2ea44898ae10b22f av_one_half  avia-builder-el-5  el_after_av_one_half  el_before_av_one_full  av-break-at-tablet flex_column_div av-animated-generic bottom-to-top av-zero-column-padding  column-top-margin'     ><section  class='av_textblock_section av-29vdhx-4213bf11aee3ad74b95d4035e0d5f4df '   itemscope=\"itemscope\" itemtype=\"https:\/\/schema.org\/CreativeWork\" ><div class='avia_textblock'  itemprop=\"text\" ><p>Gem\u00e9iss dem neie Gesetz vum 23. August 2023 iwwer d\u2019Qualit\u00e9it vun de Servicer fir eeler Leit, huet Les Jardins d\u2019Alysea decid\u00e9iert, mat der \u00cbnnerst\u00ebtzung vum Grupp Synergie, eng Eethikkommissioun anzef\u00e9ieren.<\/p>\n<p>Op Ufro vun engem Bewunner, engem Tuteur, enger Kontaktpersoun oder dem Personal h\u00eblleft d\u2019Eethikkommissioun bei Entscheedungen an eetheschen Ugelee\u00ebnheeten a be\u00e4ntwert Froen zu de Grondrechter vun de Bewunner.<\/p>\n<p><strong><em>Eng kuerz Definitioun zur Eethik:<\/em><\/strong><\/p>\n<p>Eng gemeinsam Reflexioun, d\u00e9i verschidde Point-de-vuen (Bewunner, Leit, d\u00e9i der Persoun no stinn, Personal) consider\u00e9iert an d\u00e9i duerch konkreet Ausnamesituatiounen ausgel\u00e9ist g\u00ebtt, an deene Valeuren oder Interventiounsprinzippien am Widdersproch zuenee stinn. (*)<\/p>\n<p><strong>Dir hutt eng eethesch Fro? Z\u00e9ckt net, eis ze kontakt\u00e9ieren:<\/strong><\/p>\n<ul>\n<li><strong>Dir k\u00ebnnt follgende Formulaire online areechen.<\/strong><\/li>\n<\/ul>\n<p><strong>Dir k\u00ebnnt eis och erreechen<\/strong><\/p>\n<ul>\n<li><strong>via E-Mail:\u00a0<\/strong><a href=\"mailto:comitedethique@alysea.lu\"><strong>comitedethique@alysea.lu<\/strong><\/a><\/li>\n<li>via e Formulaire a Pabeierform. D\u00ebsen ass un d\u2019Eethikkommissioun adress\u00e9iert an Dir fannt en an der Receptioun. F\u00ebllt d\u00ebsen aus a leet en an d\u2019Bo\u00eete \u201eEethikkommissioun\u201c an der Receptioun.<\/li>\n<li>op direktem Wee am Gespr\u00e9ich mat enger Vertriederin vun der Eethikkommissioun: Madamm Harig Lampert Marie, Psychologin; Madamm Fernandes Sandrine, Directrice adjointe.<\/li>\n<\/ul>\n<p><strong>All \u00c4r Froe gi vertraulech behandelt.<\/strong><\/p>\n<p>(*) ANESM Oktober 2010: Eethesch Froen a sozialen a medezinesch-soziale Strukturen (iwwersat aus dem Frans\u00e9ischen)<\/p>\n<\/div><\/section><\/div>\n<style type=\"text\/css\" data-created_by=\"avia_inline_auto\" id=\"style-css-av-1wmmze4-f4626cebaa95301769dc84330b311be1\">\n#top .flex_column.av-1wmmze4-f4626cebaa95301769dc84330b311be1{\nmargin-top:0px;\nmargin-bottom:0px;\n}\n.flex_column.av-1wmmze4-f4626cebaa95301769dc84330b311be1{\nborder-radius:0px 0px 0px 0px;\npadding:30px 30px 30px 30px;\nbackground-color:#ffffff;\n}\n.responsive #top #wrap_all .flex_column.av-1wmmze4-f4626cebaa95301769dc84330b311be1{\nmargin-top:0px;\nmargin-bottom:0px;\n}\n<\/style>\n<div  class='flex_column av-1wmmze4-f4626cebaa95301769dc84330b311be1 av_one_full  avia-builder-el-7  el_after_av_one_half  el_before_av_codeblock  first flex_column_div  column-top-margin'     ><p>\n<style type=\"text\/css\" data-created_by=\"avia_inline_auto\" id=\"style-css-av-m88om3lj-4c9c0f8337bb8e6818ca17c5c5ebea9a\">\n#top .av-special-heading.av-m88om3lj-4c9c0f8337bb8e6818ca17c5c5ebea9a{\npadding-bottom:20px;\ncolor:#20afbd;\nfont-size:68px;\n}\nbody .av-special-heading.av-m88om3lj-4c9c0f8337bb8e6818ca17c5c5ebea9a .av-special-heading-tag .heading-char{\nfont-size:25px;\n}\n#top #wrap_all .av-special-heading.av-m88om3lj-4c9c0f8337bb8e6818ca17c5c5ebea9a .av-special-heading-tag{\nfont-size:68px;\n}\n.av-special-heading.av-m88om3lj-4c9c0f8337bb8e6818ca17c5c5ebea9a .special-heading-inner-border{\nborder-color:#20afbd;\n}\n.av-special-heading.av-m88om3lj-4c9c0f8337bb8e6818ca17c5c5ebea9a .av-subheading{\nfont-size:36px;\n}\n\n@media only screen and (min-width: 480px) and (max-width: 767px){ \n#top #wrap_all .av-special-heading.av-m88om3lj-4c9c0f8337bb8e6818ca17c5c5ebea9a .av-special-heading-tag{\nfont-size:0.8em;\n}\n}\n\n@media only screen and (max-width: 479px){ \n#top #wrap_all .av-special-heading.av-m88om3lj-4c9c0f8337bb8e6818ca17c5c5ebea9a .av-special-heading-tag{\nfont-size:0.8em;\n}\n}\n<\/style>\n<div  class='av-special-heading av-m88om3lj-4c9c0f8337bb8e6818ca17c5c5ebea9a av-special-heading-h1 custom-color-heading blockquote modern-quote modern-centered  avia-builder-el-8  el_before_av_image  avia-builder-el-first  dancing_font av-inherit-size'><h1 class='av-special-heading-tag '  itemprop=\"headline\"  >Iwwerweisungsformular &#8211; Ethisch Befroegde<\/h1><div class=\"special-heading-border\"><div class=\"special-heading-inner-border\"><\/div><\/div><\/div><br \/>\n\n<style type=\"text\/css\" data-created_by=\"avia_inline_auto\" id=\"style-css-av-1i17y18-06263eecbe81e3ecce4828297a967856\">\n.avia-image-container.av-1i17y18-06263eecbe81e3ecce4828297a967856 img.avia_image{\nbox-shadow:none;\n}\n.avia-image-container.av-1i17y18-06263eecbe81e3ecce4828297a967856 .av-image-caption-overlay-center{\ncolor:#ffffff;\n}\n<\/style>\n<div  class='avia-image-container av-1i17y18-06263eecbe81e3ecce4828297a967856 av-styling- avia-align-center  avia-builder-el-9  el_after_av_heading  avia-builder-el-last  home_small_alysea_flower'   itemprop=\"image\" itemscope=\"itemscope\" itemtype=\"https:\/\/schema.org\/ImageObject\" ><div class=\"avia-image-container-inner\"><div class=\"avia-image-overlay-wrap\"><img decoding=\"async\" fetchpriority=\"high\" class='wp-image-20425 avia-img-lazy-loading-not-20425 avia_image ' src=\"https:\/\/www.alysea.lu\/wp-content\/uploads\/2018\/03\/logo_small.png\" alt='' title='logo_small'  height=\"27\" width=\"27\"  itemprop=\"thumbnailUrl\"  \/><\/div><\/div><\/div><\/p><\/div><\/p>\n","protected":false},"excerpt":{"rendered":"","protected":false},"author":4,"featured_media":0,"parent":18261,"menu_order":0,"comment_status":"closed","ping_status":"closed","template":"","meta":{"_seopress_robots_primary_cat":"","_seopress_titles_title":"","_seopress_titles_desc":"","_seopress_robots_index":"","footnotes":""},"class_list":["post-23986","page","type-page","status-publish","hentry"],"_links":{"self":[{"href":"https:\/\/www.alysea.lu\/lx\/wp-json\/wp\/v2\/pages\/23986","targetHints":{"allow":["GET"]}}],"collection":[{"href":"https:\/\/www.alysea.lu\/lx\/wp-json\/wp\/v2\/pages"}],"about":[{"href":"https:\/\/www.alysea.lu\/lx\/wp-json\/wp\/v2\/types\/page"}],"author":[{"embeddable":true,"href":"https:\/\/www.alysea.lu\/lx\/wp-json\/wp\/v2\/users\/4"}],"replies":[{"embeddable":true,"href":"https:\/\/www.alysea.lu\/lx\/wp-json\/wp\/v2\/comments?post=23986"}],"version-history":[{"count":1,"href":"https:\/\/www.alysea.lu\/lx\/wp-json\/wp\/v2\/pages\/23986\/revisions"}],"predecessor-version":[{"id":23989,"href":"https:\/\/www.alysea.lu\/lx\/wp-json\/wp\/v2\/pages\/23986\/revisions\/23989"}],"up":[{"embeddable":true,"href":"https:\/\/www.alysea.lu\/lx\/wp-json\/wp\/v2\/pages\/18261"}],"wp:attachment":[{"href":"https:\/\/www.alysea.lu\/lx\/wp-json\/wp\/v2\/media?parent=23986"}],"curies":[{"name":"wp","href":"https:\/\/api.w.org\/{rel}","templated":true}]}}